{"id":2603,"date":"2021-11-05T06:07:15","date_gmt":"2021-11-05T06:07:15","guid":{"rendered":"https:\/\/clinicaofta.com\/?page_id=2603"},"modified":"2022-06-10T22:33:03","modified_gmt":"2022-06-10T22:33:03","slug":"microscopia-especular","status":"publish","type":"page","link":"https:\/\/clinicaofta.com\/en\/ayudas-diagnosticas-y-laser\/microscopia-especular\/","title":{"rendered":"Specular Microscopy"},"content":{"rendered":"<div class=\"wpb-content-wrapper\"><div data-vc-full-width=\"true\" data-vc-full-width-init=\"false\" class=\"vc_row wpb_row vc_row-fluid vc_custom_1654900379837 vc_row-o-equal-height vc_row-o-content-middle vc_row-flex vc_row_1769680592\"><div class=\"wpb_column vc_column_container vc_col-sm-12 vc_column_816393615\"><div class=\"vc_column-inner \"><div class=\"wpb_wrapper\">\r\n\r\n\t<div class=\"sh-heading sh-heading-style1\" id=\"heading-uwdjoIaRYX\">\r\n\t\t<h2 class=\"sh-heading-content size-l\">\r\n\t\t\t<\/span>\n<span style=\"text-align: center;\"><strong><span style=\"color: #662d91;\">Microscop\u00eda Especular:<\/span><\/strong><\/span>\n<span>\t\t<\/h2>\r\n\t<\/div>\r\n\r\n            <style type=\"text\/css\">\r\n                #heading-uwdjoIaRYX .sh-heading-content {font-weight: 400!important;}            <\/style>\r\n        \r\n                            <style media=\"screen\">\r\n                    @media (max-width: 1025px) {\r\n                        .sh-empty-space-lTroIaP61O {\r\n                            height: 15!important;\r\n                        }\r\n                    }\r\n                <\/style>\r\n            \r\n            <div class=\"sh-empty-space vc_empty_space sh-empty-space-lTroIaP61O  \" style=\"height: 20px\">\r\n                <span class=\"vc_empty_space_inner\"><\/span>\r\n            <\/div>\r\n\r\n        \n\t<div class=\"wpb_text_column wpb_content_element \" >\n\t\t<div class=\"wpb_wrapper\">\n\t\t\t<p><span style=\"font-size: 14px;\">Permite estudiar la morfolog\u00eda de las c\u00e9lulas endoteliales de la c\u00f3rnea y practicar su recuento.Eval\u00faa de manera completa el endotelio corneal, permite calcular la densidad celular, adem\u00e1s de su forma y tama\u00f1o.<\/span><\/p>\n<p><span style=\"font-size: 14px;\">Es de gran utilidad en cirug\u00edas del segmento anterior del ojo donde hay p\u00e9rdida de las c\u00e9lulas endoteliales y alteraciones en forma y tama\u00f1o de c\u00e9lulas.<\/span><\/p>\n<p><span style=\"font-size: 14px;\">Es una prueba de sencilla ejecuci\u00f3n, no requiere dilataci\u00f3n pupilar y su duraci\u00f3n aproximada es de 10 minutos.<\/span><\/p>\n\n\t\t<\/div>\n\t<\/div>\n\r\n                            <style media=\"screen\">\r\n                    @media (max-width: 1025px) {\r\n                        .sh-empty-space-8vGsTUMiEj {\r\n                            height: 16px!important;\r\n                        }\r\n                    }\r\n                <\/style>\r\n            \r\n            <div class=\"sh-empty-space vc_empty_space sh-empty-space-8vGsTUMiEj  \" style=\"height: 16px\">\r\n                <span class=\"vc_empty_space_inner\"><\/span>\r\n            <\/div>\r\n\r\n        \n\t<div  class=\"wpb_single_image wpb_content_element vc_align_center\">\n\t\t\n\t\t<figure class=\"wpb_wrapper vc_figure\">\n\t\t\t<div class=\"vc_single_image-wrapper   vc_box_border_grey\"><img fetchpriority=\"high\" decoding=\"async\" width=\"682\" height=\"294\" src=\"https:\/\/clinicaofta.com\/wp-content\/uploads\/2021\/11\/microscopia-especular.jpg\" class=\"vc_single_image-img attachment-full\" alt=\"\" title=\"microscopia-especular\" srcset=\"https:\/\/clinicaofta.com\/wp-content\/uploads\/2021\/11\/microscopia-especular.jpg 682w, https:\/\/clinicaofta.com\/wp-content\/uploads\/2021\/11\/microscopia-especular-300x129.jpg 300w\" sizes=\"(max-width: 682px) 100vw, 682px\" \/><\/div>\n\t\t<\/figure>\n\t<\/div>\n<style type=\"text\/css\"> .vc_column_816393615:not(.vc_parallax):not(.jarallax) { overflow: center!important; position: relative; }<\/style><\/div><\/div><\/div><\/div><div class=\"vc_row-full-width vc_clearfix\"><\/div><div class=\"vc_row wpb_row vc_row-fluid vc_custom_1636000549462 vc_row-o-equal-height vc_row-o-content-middle vc_row-flex vc_row_1344626130\"><div class=\"wpb_column vc_column_container vc_col-sm-3\"><div class=\"vc_column-inner \"><div class=\"wpb_wrapper\">\n\t\t\t<!-- START cotiza ahora REVOLUTION SLIDER 6.6.20 --><p class=\"rs-p-wp-fix\"><\/p>\n\t\t\t<rs-module-wrap id=\"rev_slider_35_1_wrapper\" data-source=\"gallery\" style=\"visibility:hidden;background:transparent;padding:0;margin:0px auto;margin-top:0;margin-bottom:0;\">\n\t\t\t\t<rs-module id=\"rev_slider_35_1\" style=\"\" data-version=\"6.6.20\">\n\t\t\t\t\t<rs-slides style=\"overflow: hidden; position: absolute;\">\n\t\t\t\t\t\t<rs-slide style=\"position: absolute;\" data-key=\"rs-112\" data-title=\"Slide\" data-anim=\"adpr:false;\" data-in=\"o:0;\" data-out=\"a:false;\">\n\t\t\t\t\t\t\t<img decoding=\"async\" src=\"\/\/clinicaofta.com\/wp-content\/plugins\/revslider\/public\/assets\/assets\/dummy.png\" alt=\"Slide\" title=\"Microscop\u00eda Especular\" class=\"rev-slidebg tp-rs-img rs-lazyload\" data-lazyload=\"\/\/clinicaofta.com\/wp-content\/plugins\/revslider\/public\/assets\/assets\/transparent.png\" data-no-retina>\n<!--\n\t\t\t\t\t\t\t--><a\n\t\t\t\t\t\t\t\tid=\"slider-35-slide-112-layer-0\" \n\t\t\t\t\t\t\t\tclass=\"rs-layer rev-btn\"\n\t\t\t\t\t\t\t\thref=\"https:\/\/www.cocoreservas.com\/ClinicaOftalmologica\/citas\/servicio?\" target=\"_blank\" rel=\"noopener\"\n\t\t\t\t\t\t\t\tdata-type=\"button\"\n\t\t\t\t\t\t\t\tdata-rsp_ch=\"on\"\n\t\t\t\t\t\t\t\tdata-xy=\"x:c;y:m;yo:0,0,0,1px;\"\n\t\t\t\t\t\t\t\tdata-text=\"w:normal;s:21;l:40,40,40,40;fw:600;a:center;\"\n\t\t\t\t\t\t\t\tdata-dim=\"w:247px,247px,247px,238px;h:46px,46px,46px,49px;minh:0px,0px,0px,none;\"\n\t\t\t\t\t\t\t\tdata-padding=\"r:25,25,25,18;l:25,25,25,18;\"\n\t\t\t\t\t\t\t\tdata-border=\"bos:solid;boc:#22aae2;bow:3px,3px,3px,3px;bor:25px,25px,25px,25px;\"\n\t\t\t\t\t\t\t\tdata-frame_0=\"x:0,0,0,0px;y:0,0,0,0px;\"\n\t\t\t\t\t\t\t\tdata-frame_1=\"x:0,0,0,0px;y:0,0,0,0px;\"\n\t\t\t\t\t\t\t\tdata-frame_999=\"o:0;st:w;\"\n\t\t\t\t\t\t\t\tdata-frame_hover=\"c:#22aae2;bgc:rgba(0,0,0,0);boc:rgba(34,170,226,0.75);bor:25px,25px,25px,25px;bos:solid;bow:3px,3px,3px,3px;e:power1.inOut;\"\n\t\t\t\t\t\t\t\tstyle=\"z-index:5;background-color:#22aae2;font-family:'Montserrat';\"\n\t\t\t\t\t\t\t>\u00a1Agenda tu cita! \n\t\t\t\t\t\t\t<\/a><!--\n-->\t\t\t\t\t\t<\/rs-slide>\n\t\t\t\t\t<\/rs-slides>\n\t\t\t\t<\/rs-module>\n\t\t\t\t<script>\n\t\t\t\t\tsetREVStartSize({c: 'rev_slider_35_1',rl:[1240,1240,1240,480],el:[60,60,60,60],gw:[260,260,260,260],gh:[60,60,60,60],type:'hero',justify:'',layout:'fullwidth',mh:\"0\"});if (window.RS_MODULES!==undefined && window.RS_MODULES.modules!==undefined && window.RS_MODULES.modules[\"revslider351\"]!==undefined) {window.RS_MODULES.modules[\"revslider351\"].once = false;window.revapi35 = undefined;if (window.RS_MODULES.checkMinimal!==undefined) window.RS_MODULES.checkMinimal()}\n\t\t\t\t<\/script>\n\t\t\t<\/rs-module-wrap>\n\t\t\t<!-- END REVOLUTION SLIDER -->\n<\/div><\/div><\/div><div class=\"wpb_column vc_column_container vc_col-sm-9 vc_column_1615997275\"><div class=\"vc_column-inner \"><div class=\"wpb_wrapper\">\r\n\r\n\t<div class=\"sh-heading sh-heading-style1\" id=\"heading-4KiHS9rMTj\">\r\n\t\t<h2 class=\"sh-heading-content size-custom\">\r\n\t\t\t<\/span>\n<span style=\"text-align: center;\"><span style=\"color: #662d91;\">Realiza tus <strong>ex\u00e1menes diagn\u00f3sticos<\/strong> en nuestra cl\u00ednica, estar\u00e1s en la mejores manos.\u00a0<\/span><\/span>\n<span>\t\t<\/h2>\r\n\t<\/div>\r\n\r\n            <style type=\"text\/css\">\r\n                #heading-4KiHS9rMTj .sh-heading-content {font-size: 25px;font-weight: 400!important;color: #662d91;}            <\/style>\r\n        <style type=\"text\/css\"> .vc_column_1615997275:not(.vc_parallax):not(.jarallax) { overflow: center!important; position: relative; }<\/style><\/div><\/div><\/div><\/div><div class=\"wpb_column vc_column_container vc_col-sm-12 vc_column_937292786\"><div class=\"vc_column-inner \"><div class=\"wpb_wrapper\"><style type=\"text\/css\"> .vc_column_937292786:not(.vc_parallax):not(.jarallax) { overflow: center!important; position: relative; }<\/style><\/div><\/div><\/div><div data-vc-parallax=\"1.5\" class=\"wpb_column vc_column_container vc_col-sm-6 vc_col-has-fill vc_general vc_parallax vc_parallax-content-moving vc_column_1320317027\"><div class=\"vc_column-inner vc_custom_1632862063043\"><div class=\"wpb_wrapper\" style=\"width: 100%; max-width: 780px;margin-left: auto; margin-right: 0;\"><style type=\"text\/css\">@media (max-width: 800px) {.vc_column_1320317027 > .vc_column-inner > .wpb_wrapper { margin-left: auto!important; margin-right: auto!important; }}@media (max-width: 800px) { .vc_column_1320317027 > .vc_column-inner { padding: 0px 20px 0px 20px!important;}}<\/style><\/div><\/div><\/div><div class=\"wpb_column vc_column_container vc_col-sm-12 vc_column_1360079222\"><div class=\"vc_column-inner \"><div class=\"wpb_wrapper\"><style type=\"text\/css\"> .vc_column_1360079222:not(.vc_parallax):not(.jarallax) { overflow: center!important; position: relative; }<\/style><\/div><\/div><\/div><div data-vc-parallax=\"1.5\" class=\"wpb_column vc_column_container vc_col-sm-6 vc_col-has-fill vc_general vc_parallax vc_parallax-content-moving vc_column_830221244\"><div class=\"vc_column-inner vc_custom_1632862063043\"><div class=\"wpb_wrapper\" style=\"width: 100%; max-width: 780px;margin-left: auto; margin-right: 0;\"><style type=\"text\/css\">@media (max-width: 800px) {.vc_column_830221244 > .vc_column-inner > .wpb_wrapper { margin-left: auto!important; margin-right: auto!important; }}@media (max-width: 800px) { .vc_column_830221244 > .vc_column-inner { padding: 0px 20px 0px 20px!important;}}<\/style><\/div><\/div><\/div><div class=\"wpb_column vc_column_container vc_col-sm-12 vc_column_565411464\"><div class=\"vc_column-inner \"><div class=\"wpb_wrapper\"><style type=\"text\/css\"> .vc_column_565411464:not(.vc_parallax):not(.jarallax) { overflow: center!important; position: relative; }<\/style><\/div><\/div><\/div>\n<\/div>","protected":false},"excerpt":{"rendered":"Microscop\u00eda Especular: Permite estudiar la morfolog\u00eda de las c\u00e9lulas endoteliales de la c\u00f3rnea y practicar su recuento.Eval\u00faa de manera completa...","protected":false},"author":1,"featured_media":0,"parent":2520,"menu_order":0,"comment_status":"closed","ping_status":"closed","template":"","meta":{"_joinchat":[],"footnotes":""},"class_list":["post-2603","page","type-page","status-publish","hentry"],"yoast_head":"<!-- This site is optimized with the Yoast SEO plugin v27.4 - https:\/\/yoast.com\/product\/yoast-seo-wordpress\/ -->\n<title>Microscop\u00eda Especular - Cl\u00ednica de Oftalmolog\u00eda de Cali<\/title>\n<meta name=\"robots\" content=\"index, follow, max-snippet:-1, max-image-preview:large, max-video-preview:-1\" \/>\n<link rel=\"canonical\" href=\"https:\/\/clinicaofta.com\/en\/ayudas-diagnosticas-y-laser\/microscopia-especular\/\" \/>\n<meta property=\"og:locale\" content=\"en_US\" \/>\n<meta property=\"og:type\" content=\"article\" \/>\n<meta property=\"og:title\" content=\"Microscop\u00eda Especular - Cl\u00ednica de Oftalmolog\u00eda de Cali\" \/>\n<meta property=\"og:url\" content=\"https:\/\/clinicaofta.com\/en\/ayudas-diagnosticas-y-laser\/microscopia-especular\/\" \/>\n<meta property=\"og:site_name\" content=\"Cl\u00ednica de Oftalmolog\u00eda de Cali\" \/>\n<meta property=\"article:modified_time\" content=\"2022-06-10T22:33:03+00:00\" \/>\n<meta name=\"twitter:card\" content=\"summary_large_image\" \/>\n<meta name=\"twitter:label1\" content=\"Est. reading time\" \/>\n\t<meta name=\"twitter:data1\" content=\"1 minute\" \/>\n<script type=\"application\/ld+json\" class=\"yoast-schema-graph\">{\"@context\":\"https:\\\/\\\/schema.org\",\"@graph\":[{\"@type\":\"WebPage\",\"@id\":\"https:\\\/\\\/clinicaofta.com\\\/ayudas-diagnosticas-y-laser\\\/microscopia-especular\\\/\",\"url\":\"https:\\\/\\\/clinicaofta.com\\\/ayudas-diagnosticas-y-laser\\\/microscopia-especular\\\/\",\"name\":\"Microscop\u00eda Especular - Cl\u00ednica de Oftalmolog\u00eda de Cali\",\"isPartOf\":{\"@id\":\"https:\\\/\\\/clinicaofta.com\\\/#website\"},\"datePublished\":\"2021-11-05T06:07:15+00:00\",\"dateModified\":\"2022-06-10T22:33:03+00:00\",\"breadcrumb\":{\"@id\":\"https:\\\/\\\/clinicaofta.com\\\/ayudas-diagnosticas-y-laser\\\/microscopia-especular\\\/#breadcrumb\"},\"inLanguage\":\"en-US\",\"potentialAction\":[{\"@type\":\"ReadAction\",\"target\":[\"https:\\\/\\\/clinicaofta.com\\\/ayudas-diagnosticas-y-laser\\\/microscopia-especular\\\/\"]}]},{\"@type\":\"BreadcrumbList\",\"@id\":\"https:\\\/\\\/clinicaofta.com\\\/ayudas-diagnosticas-y-laser\\\/microscopia-especular\\\/#breadcrumb\",\"itemListElement\":[{\"@type\":\"ListItem\",\"position\":1,\"name\":\"Portada\",\"item\":\"https:\\\/\\\/clinicaofta.com\\\/\"},{\"@type\":\"ListItem\",\"position\":2,\"name\":\"Ayudas diagn\u00f3sticas y l\u00e1ser\",\"item\":\"https:\\\/\\\/clinicaofta.com\\\/ayudas-diagnosticas-y-laser\\\/\"},{\"@type\":\"ListItem\",\"position\":3,\"name\":\"Microscop\u00eda Especular\"}]},{\"@type\":\"WebSite\",\"@id\":\"https:\\\/\\\/clinicaofta.com\\\/#website\",\"url\":\"https:\\\/\\\/clinicaofta.com\\\/\",\"name\":\"Cl\u00ednica de Oftalmolog\u00eda de Cali\",\"description\":\"Te ayudamos a ver lo que siempre has querido - Tus ojos en manos expertas\",\"potentialAction\":[{\"@type\":\"SearchAction\",\"target\":{\"@type\":\"EntryPoint\",\"urlTemplate\":\"https:\\\/\\\/clinicaofta.com\\\/?s={search_term_string}\"},\"query-input\":{\"@type\":\"PropertyValueSpecification\",\"valueRequired\":true,\"valueName\":\"search_term_string\"}}],\"inLanguage\":\"en-US\"}]}<\/script>\n<!-- \/ Yoast SEO plugin. -->","yoast_head_json":{"title":"Microscop\u00eda Especular - Cl\u00ednica de Oftalmolog\u00eda de Cali","robots":{"index":"index","follow":"follow","max-snippet":"max-snippet:-1","max-image-preview":"max-image-preview:large","max-video-preview":"max-video-preview:-1"},"canonical":"https:\/\/clinicaofta.com\/en\/ayudas-diagnosticas-y-laser\/microscopia-especular\/","og_locale":"en_US","og_type":"article","og_title":"Microscop\u00eda Especular - Cl\u00ednica de Oftalmolog\u00eda de Cali","og_url":"https:\/\/clinicaofta.com\/en\/ayudas-diagnosticas-y-laser\/microscopia-especular\/","og_site_name":"Cl\u00ednica de Oftalmolog\u00eda de Cali","article_modified_time":"2022-06-10T22:33:03+00:00","twitter_card":"summary_large_image","twitter_misc":{"Est. reading time":"1 minute"},"schema":{"@context":"https:\/\/schema.org","@graph":[{"@type":"WebPage","@id":"https:\/\/clinicaofta.com\/ayudas-diagnosticas-y-laser\/microscopia-especular\/","url":"https:\/\/clinicaofta.com\/ayudas-diagnosticas-y-laser\/microscopia-especular\/","name":"Microscop\u00eda Especular - Cl\u00ednica de Oftalmolog\u00eda de Cali","isPartOf":{"@id":"https:\/\/clinicaofta.com\/#website"},"datePublished":"2021-11-05T06:07:15+00:00","dateModified":"2022-06-10T22:33:03+00:00","breadcrumb":{"@id":"https:\/\/clinicaofta.com\/ayudas-diagnosticas-y-laser\/microscopia-especular\/#breadcrumb"},"inLanguage":"en-US","potentialAction":[{"@type":"ReadAction","target":["https:\/\/clinicaofta.com\/ayudas-diagnosticas-y-laser\/microscopia-especular\/"]}]},{"@type":"BreadcrumbList","@id":"https:\/\/clinicaofta.com\/ayudas-diagnosticas-y-laser\/microscopia-especular\/#breadcrumb","itemListElement":[{"@type":"ListItem","position":1,"name":"Portada","item":"https:\/\/clinicaofta.com\/"},{"@type":"ListItem","position":2,"name":"Ayudas diagn\u00f3sticas y l\u00e1ser","item":"https:\/\/clinicaofta.com\/ayudas-diagnosticas-y-laser\/"},{"@type":"ListItem","position":3,"name":"Microscop\u00eda Especular"}]},{"@type":"WebSite","@id":"https:\/\/clinicaofta.com\/#website","url":"https:\/\/clinicaofta.com\/","name":"Cali Ophthalmology Clinic","description":"Te ayudamos a ver lo que siempre has querido - Tus ojos en manos expertas","potentialAction":[{"@type":"SearchAction","target":{"@type":"EntryPoint","urlTemplate":"https:\/\/clinicaofta.com\/?s={search_term_string}"},"query-input":{"@type":"PropertyValueSpecification","valueRequired":true,"valueName":"search_term_string"}}],"inLanguage":"en-US"}]}},"_links":{"self":[{"href":"https:\/\/clinicaofta.com\/en\/wp-json\/wp\/v2\/pages\/2603","targetHints":{"allow":["GET"]}}],"collection":[{"href":"https:\/\/clinicaofta.com\/en\/wp-json\/wp\/v2\/pages"}],"about":[{"href":"https:\/\/clinicaofta.com\/en\/wp-json\/wp\/v2\/types\/page"}],"author":[{"embeddable":true,"href":"https:\/\/clinicaofta.com\/en\/wp-json\/wp\/v2\/users\/1"}],"replies":[{"embeddable":true,"href":"https:\/\/clinicaofta.com\/en\/wp-json\/wp\/v2\/comments?post=2603"}],"version-history":[{"count":0,"href":"https:\/\/clinicaofta.com\/en\/wp-json\/wp\/v2\/pages\/2603\/revisions"}],"up":[{"embeddable":true,"href":"https:\/\/clinicaofta.com\/en\/wp-json\/wp\/v2\/pages\/2520"}],"wp:attachment":[{"href":"https:\/\/clinicaofta.com\/en\/wp-json\/wp\/v2\/media?parent=2603"}],"curies":[{"name":"wp","href":"https:\/\/api.w.org\/{rel}","templated":true}]}}