{"id":4147,"date":"2022-11-03T03:40:34","date_gmt":"2022-11-03T03:40:34","guid":{"rendered":"https:\/\/clinicaofta.com\/?page_id=4147"},"modified":"2024-09-12T19:20:55","modified_gmt":"2024-09-13T00:20:55","slug":"pago_online","status":"publish","type":"page","link":"https:\/\/clinicaofta.com\/en\/pago_online\/","title":{"rendered":"Payment"},"content":{"rendered":"<div class=\"wpb-content-wrapper\">\t\t<div data-elementor-type=\"wp-page\" data-elementor-id=\"4147\" class=\"elementor elementor-4147\">\n\t\t\t\t\t\t<section class=\"elementor-section elementor-top-section elementor-element elementor-element-5fe298f6 elementor-section-boxed elementor-section-height-default elementor-section-height-default\" data-id=\"5fe298f6\" data-element_type=\"section\" data-e-type=\"section\">\n\t\t\t\t\t\t<div class=\"elementor-container elementor-column-gap-default\">\n\t\t\t\t\t<div class=\"elementor-column elementor-col-100 elementor-top-column elementor-element elementor-element-7cf50675\" data-id=\"7cf50675\" data-element_type=\"column\" data-e-type=\"column\">\n\t\t\t<div class=\"elementor-widget-wrap elementor-element-populated\">\n\t\t\t\t\t\t<div class=\"elementor-element elementor-element-1a8ea77 elementor-widget elementor-widget-shortcode\" data-id=\"1a8ea77\" data-element_type=\"widget\" data-e-type=\"widget\" data-widget_type=\"shortcode.default\">\n\t\t\t\t<div class=\"elementor-widget-container\">\n\t\t\t\t\t\t\t<div class=\"elementor-shortcode\"><div class=\"vc_row wpb_row vc_row-fluid vc_custom_1668023120272 vc_row-has-fill vc_row_1305936417\"><div class=\"wpb_column vc_column_container vc_col-sm-2 vc_column_298818856\"><div class=\"vc_column-inner\"><div class=\"wpb_wrapper\"><style type=\"text\/css\"> .vc_column_298818856:not(.vc_parallax):not(.jarallax) { overflow: center!important; position: relative; }<\/style><\/div><\/div><\/div><div class=\"wpb_column vc_column_container vc_col-sm-8 vc_column_1956138265\"><div class=\"vc_column-inner\"><div class=\"wpb_wrapper\">\n\t<div class=\"wpb_text_column wpb_content_element\" >\n\t\t<div class=\"wpb_wrapper\">\n\t\t\t<form action=\"https:\/\/gateway2.tucompra.com.co\/tc\/app\/inputs\/compra.jsp\" method=\"POST\"><!-- Inicio Variables Obligatorias --><label for=\"factura\"># C\u00e9dula:<\/label><br \/>\n<input id=\"factura\" name=\"factura\" type=\"number\" \/><br \/>\n<label for=\"valor\">Invoice value:<\/label><br \/>\n<input id=\"valor\" name=\"valor\"  type=\"number\"\/><br \/>\n<label for=\"descripcionFactura\">Description:<\/label><br \/>\n<input id=\"descripcionFactura\" name=\"descripcionFactura\" type=\"text\" \/><input name=\"tokenSeguridad\" type=\"hidden\" value=\"6fc01d7003864724a3c85cf9bc500a67\" \/><br \/>\n<input name=\"usuario\" type=\"hidden\" value=\"jn64c1rsdyss07v5\" \/><\/p>\n<p><!-- Fin Variables Obligatorias --><\/p>\n<hr \/>\n<p><!-- Inicio Variables Opcionales del Sistema --><label for=\"metodoPago\">Payment method:<\/label><br \/>\n<select id=\"metodoPago\" name=\"metodoPago\"><option value=\"2\">Visa<\/option><option value=\"1\">MasterCard<\/option><option value=\"5\">American Express<\/option><option value=\"4\">Diners Club<\/option><option value=\"3\">Pago PSE<\/option><\/select><\/p>\n<p><label for=\"tipoMoneda\">Currency Type:<\/label><br \/>\n<select id=\"tipoMoneda\" name=\"tipoMoneda\"><option value=\"COP\">Pesos<\/option><option value=\"USD\">Dolares<\/option><option value=\"EUR\">Euros<\/option><\/select><\/p>\n<p><label for=\"lenguaje\">Language:<\/label><br \/>\n<select id=\"lenguaje\" name=\"lenguaje\"><option value=\"ES\">Espa\u00f1ol<\/option><option value=\"US\">Ingl\u00e9s<\/option><option value=\"BR\">Portugu\u00e9s<\/option><\/select><\/p>\n<p><!-- Fin Variables Opcionales del Sistema --><\/p>\n<hr \/>\n<p><!-- Inicio Variables Obligatorias del Usuario --><label for=\"tipoDocumento\">Document Type:<\/label><br \/>\n<select id=\"tipoDocumento\" name=\"tipoDocumento\"><option value=\"CC\">C\u00e9dula Ciudadan\u00eda<\/option><option value=\"CE\">C\u00e9dula Extranjer\u00eda<\/option><option value=\"NIT\">NIT<\/option><option value=\"PAS\">Pasaporte<\/option><option value=\"Otro\">Otro<\/option><\/select><\/p>\n<p><label for=\"documentoComprador\">Buyer Document Number:<\/label><br \/>\n<input id=\"documentoComprador\" name=\"documentoComprador\" type=\"text\" \/><\/p>\n<p><label for=\"nombreComprador\">Buyer's First Name:<\/label><br \/>\n<input id=\"nombreComprador\" name=\"nombreComprador\" type=\"text\" \/><\/p>\n<p><label for=\"apellidoComprador\">Buyer's Last Name:<\/label><br \/>\n<input id=\"apellidoComprador\" name=\"apellidoComprador\" type=\"text\" \/><\/p>\n<p><label for=\"correoComprador\">Buyer Email:<\/label><br \/>\n<input id=\"correoComprador\" name=\"correoComprador\" type=\"text\" \/><\/p>\n<p><!-- Fin Variables Obligatorias del Usuario --><\/p>\n<hr \/>\n<p><input type=\"submit\" value=\"Submit\" \/><\/p>\n<\/form>\n\n\t\t<\/div>\n\t<\/div>\n<style type=\"text\/css\"> .vc_column_1956138265:not(.vc_parallax):not(.jarallax) { overflow: center!important; position: relative; }<\/style><\/div><\/div><\/div><div class=\"wpb_column vc_column_container vc_col-sm-2 vc_column_904511753\"><div class=\"vc_column-inner\"><div class=\"wpb_wrapper\"><style type=\"text\/css\"> .vc_column_904511753:not(.vc_parallax):not(.jarallax) { overflow: center!important; position: relative; }<\/style><\/div><\/div><\/div><\/div><\/div>\n\t\t\t\t\t\t<\/div>\n\t\t\t\t<\/div>\n\t\t\t\t\t<\/div>\n\t\t<\/div>\n\t\t\t\t\t<\/div>\n\t\t<\/section>\n\t\t\t\t<\/div>\n\t\t<\/div>","protected":false},"excerpt":{"rendered":"# C\u00e9dula: Valor: Descripci\u00f3n: Metodo de Pago: VisaMasterCardAmerican ExpressDiners ClubPago PSE Tipo Moneda: PesosDolaresEuros Idioma: Espa\u00f1olIngl\u00e9sPortugu\u00e9s Tipo Documento: C\u00e9dula Ciudadan\u00edaC\u00e9dula...","protected":false},"author":1,"featured_media":0,"parent":0,"menu_order":0,"comment_status":"closed","ping_status":"closed","template":"","meta":{"_joinchat":[],"footnotes":""},"class_list":["post-4147","page","type-page","status-publish","hentry"],"yoast_head":"<!-- This site is optimized with the Yoast SEO plugin v27.4 - https:\/\/yoast.com\/product\/yoast-seo-wordpress\/ -->\n<title>Pago Online - Cl\u00ednica de Oftalmolog\u00eda de Cali<\/title>\n<meta name=\"robots\" content=\"index, follow, max-snippet:-1, max-image-preview:large, max-video-preview:-1\" \/>\n<link rel=\"canonical\" href=\"https:\/\/clinicaofta.com\/en\/pago_online\/\" \/>\n<meta property=\"og:locale\" content=\"en_US\" \/>\n<meta property=\"og:type\" content=\"article\" \/>\n<meta property=\"og:title\" content=\"Pago Online - Cl\u00ednica de Oftalmolog\u00eda de Cali\" \/>\n<meta property=\"og:url\" content=\"https:\/\/clinicaofta.com\/en\/pago_online\/\" \/>\n<meta property=\"og:site_name\" content=\"Cl\u00ednica de Oftalmolog\u00eda de Cali\" \/>\n<meta property=\"article:modified_time\" content=\"2024-09-13T00:20:55+00:00\" \/>\n<meta name=\"twitter:card\" content=\"summary_large_image\" \/>\n<script type=\"application\/ld+json\" class=\"yoast-schema-graph\">{\"@context\":\"https:\\\/\\\/schema.org\",\"@graph\":[{\"@type\":\"WebPage\",\"@id\":\"https:\\\/\\\/clinicaofta.com\\\/pago_online\\\/\",\"url\":\"https:\\\/\\\/clinicaofta.com\\\/pago_online\\\/\",\"name\":\"Pago Online - Cl\u00ednica de Oftalmolog\u00eda de Cali\",\"isPartOf\":{\"@id\":\"https:\\\/\\\/clinicaofta.com\\\/#website\"},\"datePublished\":\"2022-11-03T03:40:34+00:00\",\"dateModified\":\"2024-09-13T00:20:55+00:00\",\"breadcrumb\":{\"@id\":\"https:\\\/\\\/clinicaofta.com\\\/pago_online\\\/#breadcrumb\"},\"inLanguage\":\"en-US\",\"potentialAction\":[{\"@type\":\"ReadAction\",\"target\":[\"https:\\\/\\\/clinicaofta.com\\\/pago_online\\\/\"]}]},{\"@type\":\"BreadcrumbList\",\"@id\":\"https:\\\/\\\/clinicaofta.com\\\/pago_online\\\/#breadcrumb\",\"itemListElement\":[{\"@type\":\"ListItem\",\"position\":1,\"name\":\"Portada\",\"item\":\"https:\\\/\\\/clinicaofta.com\\\/\"},{\"@type\":\"ListItem\",\"position\":2,\"name\":\"Pago Online\"}]},{\"@type\":\"WebSite\",\"@id\":\"https:\\\/\\\/clinicaofta.com\\\/#website\",\"url\":\"https:\\\/\\\/clinicaofta.com\\\/\",\"name\":\"Cl\u00ednica de Oftalmolog\u00eda de Cali\",\"description\":\"Te ayudamos a ver lo que siempre has querido - Tus ojos en manos expertas\",\"potentialAction\":[{\"@type\":\"SearchAction\",\"target\":{\"@type\":\"EntryPoint\",\"urlTemplate\":\"https:\\\/\\\/clinicaofta.com\\\/?s={search_term_string}\"},\"query-input\":{\"@type\":\"PropertyValueSpecification\",\"valueRequired\":true,\"valueName\":\"search_term_string\"}}],\"inLanguage\":\"en-US\"}]}<\/script>\n<!-- \/ Yoast SEO plugin. -->","yoast_head_json":{"title":"Pago Online - Cl\u00ednica de Oftalmolog\u00eda de Cali","robots":{"index":"index","follow":"follow","max-snippet":"max-snippet:-1","max-image-preview":"max-image-preview:large","max-video-preview":"max-video-preview:-1"},"canonical":"https:\/\/clinicaofta.com\/en\/pago_online\/","og_locale":"en_US","og_type":"article","og_title":"Pago Online - Cl\u00ednica de Oftalmolog\u00eda de Cali","og_url":"https:\/\/clinicaofta.com\/en\/pago_online\/","og_site_name":"Cl\u00ednica de Oftalmolog\u00eda de Cali","article_modified_time":"2024-09-13T00:20:55+00:00","twitter_card":"summary_large_image","schema":{"@context":"https:\/\/schema.org","@graph":[{"@type":"WebPage","@id":"https:\/\/clinicaofta.com\/pago_online\/","url":"https:\/\/clinicaofta.com\/pago_online\/","name":"Pago Online - Cl\u00ednica de Oftalmolog\u00eda de Cali","isPartOf":{"@id":"https:\/\/clinicaofta.com\/#website"},"datePublished":"2022-11-03T03:40:34+00:00","dateModified":"2024-09-13T00:20:55+00:00","breadcrumb":{"@id":"https:\/\/clinicaofta.com\/pago_online\/#breadcrumb"},"inLanguage":"en-US","potentialAction":[{"@type":"ReadAction","target":["https:\/\/clinicaofta.com\/pago_online\/"]}]},{"@type":"BreadcrumbList","@id":"https:\/\/clinicaofta.com\/pago_online\/#breadcrumb","itemListElement":[{"@type":"ListItem","position":1,"name":"Portada","item":"https:\/\/clinicaofta.com\/"},{"@type":"ListItem","position":2,"name":"Pago Online"}]},{"@type":"WebSite","@id":"https:\/\/clinicaofta.com\/#website","url":"https:\/\/clinicaofta.com\/","name":"Cali Ophthalmology Clinic","description":"Te ayudamos a ver lo que siempre has querido - Tus ojos en manos expertas","potentialAction":[{"@type":"SearchAction","target":{"@type":"EntryPoint","urlTemplate":"https:\/\/clinicaofta.com\/?s={search_term_string}"},"query-input":{"@type":"PropertyValueSpecification","valueRequired":true,"valueName":"search_term_string"}}],"inLanguage":"en-US"}]}},"_links":{"self":[{"href":"https:\/\/clinicaofta.com\/en\/wp-json\/wp\/v2\/pages\/4147","targetHints":{"allow":["GET"]}}],"collection":[{"href":"https:\/\/clinicaofta.com\/en\/wp-json\/wp\/v2\/pages"}],"about":[{"href":"https:\/\/clinicaofta.com\/en\/wp-json\/wp\/v2\/types\/page"}],"author":[{"embeddable":true,"href":"https:\/\/clinicaofta.com\/en\/wp-json\/wp\/v2\/users\/1"}],"replies":[{"embeddable":true,"href":"https:\/\/clinicaofta.com\/en\/wp-json\/wp\/v2\/comments?post=4147"}],"version-history":[{"count":0,"href":"https:\/\/clinicaofta.com\/en\/wp-json\/wp\/v2\/pages\/4147\/revisions"}],"wp:attachment":[{"href":"https:\/\/clinicaofta.com\/en\/wp-json\/wp\/v2\/media?parent=4147"}],"curies":[{"name":"wp","href":"https:\/\/api.w.org\/{rel}","templated":true}]}}