{"id":5102,"date":"2025-04-06T23:47:40","date_gmt":"2025-04-07T04:47:40","guid":{"rendered":"https:\/\/clinicaofta.com\/?page_id=5102"},"modified":"2025-06-20T12:25:25","modified_gmt":"2025-06-20T17:25:25","slug":"agenda-en-linea","status":"publish","type":"page","link":"https:\/\/clinicaofta.com\/en\/agenda-en-linea\/","title":{"rendered":"Agenda en l\u00ednea"},"content":{"rendered":"<div class=\"wpb-content-wrapper\"><div data-vc-full-width=\"true\" data-vc-full-width-init=\"false\" data-vc-stretch-content=\"true\" data-vc-parallax=\"1.5\" class=\"vc_row wpb_row vc_row-fluid vc_custom_1678137567548 vc_row-has-fill vc_general vc_parallax vc_parallax-content-moving vc_row_838327955\"><div class=\"wpb_column vc_column_container vc_col-sm-12\"><div class=\"vc_column-inner \"><div class=\"wpb_wrapper\" style=\"text-align: center;\"><div class=\"vc_row wpb_row vc_inner vc_row-fluid vc_custom_1750440188053 vc_row-o-content-middle vc_row-flex vc_row_678461518\"><div class=\"wpb_column vc_column_container vc_col-sm-12 vc_col-has-fill\"><div class=\"vc_column-inner vc_custom_1750440333135\"><div class=\"wpb_wrapper\">\n\t<div class=\"wpb_raw_code wpb_content_element wpb_raw_html vc_custom_1750439828692\" >\n\t\t<div class=\"wpb_wrapper\">\n\t\t\t<div style=\"width=\"100%\"\">\n<iframe \n  src=\"https:\/\/www.cocoreservas.com\/ClinicaOftalmologica\/citas\/servicio\" \n  width=\"100%\" \n  height=\"800\" \n  frameborder=\"0\" \n  style=\"border: none;\">\n<\/iframe>\n<\/div>\n\t\t<\/div>\n\t<\/div>\n<div class=\"vc_empty_space\"   style=\"height: 22px\"><span class=\"vc_empty_space_inner\"><\/span><\/div><\/div><\/div><\/div><style type=\"text\/css\"> .vc_row_678461518 { background-position: center center!important; }<\/style><\/div><\/div><\/div><\/div><style type=\"text\/css\"> .vc_row_838327955 { background-position: center top!important; }<\/style><\/div><div class=\"vc_row-full-width vc_clearfix\"><\/div><div data-vc-full-width=\"true\" data-vc-full-width-init=\"false\" data-vc-stretch-content=\"true\" class=\"vc_row wpb_row vc_row-fluid vc_custom_1644463112710 vc_row-has-fill vc_row_74069104\"><div class=\"wpb_column vc_column_container vc_col-sm-12\"><div class=\"vc_column-inner \"><div class=\"wpb_wrapper\">\n\t\t\t<!-- START inflandingcorp REVOLUTION SLIDER 6.6.20 --><p class=\"rs-p-wp-fix\"><\/p>\n\t\t\t<rs-module-wrap id=\"rev_slider_169_1_wrapper\" data-source=\"gallery\" style=\"visibility:hidden;background:transparent;padding:0;margin:0px auto;margin-top:0;margin-bottom:0;\">\n\t\t\t\t<rs-module id=\"rev_slider_169_1\" style=\"\" data-version=\"6.6.20\">\n\t\t\t\t\t<rs-slides style=\"overflow: hidden; position: absolute;\">\n\t\t\t\t\t\t<rs-slide style=\"position: absolute;\" data-key=\"rs-447\" data-title=\"Slide\" data-anim=\"adpr:false;ms:10;\" data-in=\"o:1;\" data-out=\"a:false;\">\n\t\t\t\t\t\t\t<img decoding=\"async\" src=\"\/\/clinicaofta.com\/wp-content\/plugins\/revslider\/public\/assets\/assets\/dummy.png\" alt=\"Slide\" title=\"Agenda en l\u00ednea\" class=\"rev-slidebg tp-rs-img rs-lazyload\" data-lazyload=\"\/\/clinicaofta.com\/wp-content\/plugins\/revslider\/public\/assets\/assets\/transparent.png\" data-no-retina>\n<!--\n\t\t\t\t\t\t\t--><rs-layer\n\t\t\t\t\t\t\t\tid=\"slider-169-slide-447-layer-3\" \n\t\t\t\t\t\t\t\tdata-type=\"image\"\n\t\t\t\t\t\t\t\tdata-rsp_ch=\"on\"\n\t\t\t\t\t\t\t\tdata-xy=\"x:c;yo:160px,160px,160px,200px;\"\n\t\t\t\t\t\t\t\tdata-text=\"w:normal;s:20,20,20,7;l:0,0,0,9;\"\n\t\t\t\t\t\t\t\tdata-dim=\"w:254px,254px,254px,194px;h:93px,93px,93px,71px;\"\n\t\t\t\t\t\t\t\tdata-frame_999=\"o:0;st:w;\"\n\t\t\t\t\t\t\t\tstyle=\"z-index:13;\"\n\t\t\t\t\t\t\t><img decoding=\"async\" src=\"\/\/clinicaofta.com\/wp-content\/plugins\/revslider\/public\/assets\/assets\/dummy.png\" alt=\"\" class=\"tp-rs-img rs-lazyload\" width=\"298\" height=\"109\" data-lazyload=\"\/\/clinicaofta.com\/wp-content\/uploads\/2018\/09\/LOGOBLANCO1.png\" data-no-retina> \n\t\t\t\t\t\t\t<\/rs-layer><!--\n\n\t\t\t\t\t\t\t--><a\n\t\t\t\t\t\t\t\tid=\"slider-169-slide-447-layer-5\" \n\t\t\t\t\t\t\t\tclass=\"rs-layer rev-btn\"\n\t\t\t\t\t\t\t\thref=\"http:\/\/clinicaofta.com\/wp-content\/uploads\/2018\/09\/AVISO-DE-PRIVACIDAD-SIC.pdf\" target=\"_blank\" rel=\"noopener\"\n\t\t\t\t\t\t\t\tdata-type=\"button\"\n\t\t\t\t\t\t\t\tdata-rsp_ch=\"on\"\n\t\t\t\t\t\t\t\tdata-xy=\"x:l,l,l,c;xo:277px,277px,277px,0;yo:67px,67px,67px,62px;\"\n\t\t\t\t\t\t\t\tdata-text=\"w:normal;s:17,17,17,18;l:40,40,40,38;fw:500;a:center;\"\n\t\t\t\t\t\t\t\tdata-dim=\"w:320px;h:auto,auto,auto,40px;minh:0px,0px,0px,none;\"\n\t\t\t\t\t\t\t\tdata-padding=\"r:25,25,25,10;l:25,25,25,10;\"\n\t\t\t\t\t\t\t\tdata-border=\"bor:25px,25px,25px,25px;\"\n\t\t\t\t\t\t\t\tdata-frame_999=\"o:0;st:w;\"\n\t\t\t\t\t\t\t\tdata-frame_hover=\"bgc:#0f76bb;bor:25px,25px,25px,25px;bri:120%;\"\n\t\t\t\t\t\t\t\tstyle=\"z-index:15;background-color:#063777;font-family:'Roboto';\"\n\t\t\t\t\t\t\t>Aviso de Privacidad \n\t\t\t\t\t\t\t<\/a><!--\n\n\t\t\t\t\t\t\t--><a\n\t\t\t\t\t\t\t\tid=\"slider-169-slide-447-layer-6\" \n\t\t\t\t\t\t\t\tclass=\"rs-layer rev-btn\"\n\t\t\t\t\t\t\t\thref=\"http:\/\/clinicaofta.com\/wp-content\/uploads\/2018\/09\/Politica-de-Tratamiento-de-datos-personales-Reporte-SIC.pdf\" target=\"_blank\" rel=\"noopener\"\n\t\t\t\t\t\t\t\tdata-type=\"button\"\n\t\t\t\t\t\t\t\tdata-rsp_ch=\"on\"\n\t\t\t\t\t\t\t\tdata-xy=\"x:l,l,l,c;xo:644px,644px,644px,0;yo:67px,67px,67px,116px;\"\n\t\t\t\t\t\t\t\tdata-text=\"w:normal;s:17,17,17,18;l:40,40,40,38;fw:500;a:center;\"\n\t\t\t\t\t\t\t\tdata-dim=\"w:320px;h:auto,auto,auto,40px;minh:0px,0px,0px,none;\"\n\t\t\t\t\t\t\t\tdata-padding=\"r:25,25,25,10;l:25,25,25,10;\"\n\t\t\t\t\t\t\t\tdata-border=\"bor:25px,25px,25px,25px;\"\n\t\t\t\t\t\t\t\tdata-frame_999=\"o:0;st:w;\"\n\t\t\t\t\t\t\t\tdata-frame_hover=\"bgc:#0f76bb;bor:25px,25px,25px,25px;bri:120%;\"\n\t\t\t\t\t\t\t\tstyle=\"z-index:14;background-color:#063777;font-family:'Roboto';\"\n\t\t\t\t\t\t\t>Tratamiento de Datos personales \n\t\t\t\t\t\t\t<\/a><!--\n-->\t\t\t\t\t\t<\/rs-slide>\n\t\t\t\t\t<\/rs-slides>\n\t\t\t\t<\/rs-module>\n\t\t\t\t<script>\n\t\t\t\t\tsetREVStartSize({c: 'rev_slider_169_1',rl:[1240,1240,1240,480],el:[350,350,350,330],gw:[1240,1240,1240,480],gh:[350,350,350,330],type:'standard',justify:'',layout:'fullwidth',mh:\"0\"});if (window.RS_MODULES!==undefined && window.RS_MODULES.modules!==undefined && window.RS_MODULES.modules[\"revslider1691\"]!==undefined) {window.RS_MODULES.modules[\"revslider1691\"].once = false;window.revapi169 = undefined;if (window.RS_MODULES.checkMinimal!==undefined) window.RS_MODULES.checkMinimal()}\n\t\t\t\t<\/script>\n\t\t\t<\/rs-module-wrap>\n\t\t\t<!-- END REVOLUTION SLIDER -->\n\n\t<div class=\"wpb_text_column wpb_content_element \" >\n\t\t<div class=\"wpb_wrapper\">\n\t\t\t<p style=\"text-align: center;\"><span style=\"font-size: 14px;\"><em><span style=\"color: #ffffff;\">Copyright \u00a9 2022 Cl\u00ednica de Oftalmolog\u00eda de Cali S.A.<\/span><\/em><\/span><\/p>\n\n\t\t<\/div>\n\t<\/div>\n<\/div><\/div><\/div><\/div><div class=\"vc_row-full-width vc_clearfix\"><\/div>\n<\/div>","protected":false},"excerpt":{"rendered":"Aviso de Privacidad Tratamiento de Datos personales Copyright \u00a9 2022 Cl\u00ednica de Oftalmolog\u00eda de Cali S.A.","protected":false},"author":5,"featured_media":1260,"parent":0,"menu_order":0,"comment_status":"closed","ping_status":"closed","template":"","meta":{"_joinchat":[],"footnotes":""},"class_list":["post-5102","page","type-page","status-publish","has-post-thumbnail","hentry"],"yoast_head":"<!-- This site is optimized with the Yoast SEO plugin v27.5 - https:\/\/yoast.com\/product\/yoast-seo-wordpress\/ -->\n<title>Agenda en l\u00ednea - Cl\u00ednica de Oftalmolog\u00eda de Cali<\/title>\n<meta name=\"description\" content=\"Agenda tu cita, completa el formulario y nuestros agentes de servicio te contactar\u00e1n para brindarte un servicio \u00e1gil o oportuno.\" \/>\n<meta name=\"robots\" content=\"index, follow, max-snippet:-1, max-image-preview:large, max-video-preview:-1\" \/>\n<link rel=\"canonical\" href=\"https:\/\/clinicaofta.com\/en\/agenda-en-linea\/\" \/>\n<meta property=\"og:locale\" content=\"en_US\" \/>\n<meta property=\"og:type\" content=\"article\" \/>\n<meta property=\"og:title\" content=\"Agenda en l\u00ednea - Cl\u00ednica de Oftalmolog\u00eda de Cali\" \/>\n<meta property=\"og:description\" content=\"Agenda tu cita, completa el formulario y nuestros agentes de servicio te contactar\u00e1n para brindarte un servicio \u00e1gil o oportuno.\" \/>\n<meta property=\"og:url\" content=\"https:\/\/clinicaofta.com\/en\/agenda-en-linea\/\" \/>\n<meta property=\"og:site_name\" content=\"Cl\u00ednica de Oftalmolog\u00eda de Cali\" \/>\n<meta property=\"article:modified_time\" content=\"2025-06-20T17:25:25+00:00\" \/>\n<meta property=\"og:image\" content=\"http:\/\/clinicaofta.com\/wp-content\/uploads\/2018\/09\/flaticon.png\" \/>\n\t<meta property=\"og:image:width\" content=\"512\" \/>\n\t<meta property=\"og:image:height\" content=\"512\" \/>\n\t<meta property=\"og:image:type\" content=\"image\/png\" \/>\n<meta name=\"twitter:card\" content=\"summary_large_image\" \/>\n<meta name=\"twitter:label1\" content=\"Est. reading time\" \/>\n\t<meta name=\"twitter:data1\" content=\"1 minute\" \/>\n<script type=\"application\/ld+json\" class=\"yoast-schema-graph\">{\"@context\":\"https:\\\/\\\/schema.org\",\"@graph\":[{\"@type\":\"WebPage\",\"@id\":\"https:\\\/\\\/clinicaofta.com\\\/agenda-en-linea\\\/\",\"url\":\"https:\\\/\\\/clinicaofta.com\\\/agenda-en-linea\\\/\",\"name\":\"Agenda en l\u00ednea - Cl\u00ednica de Oftalmolog\u00eda de Cali\",\"isPartOf\":{\"@id\":\"https:\\\/\\\/clinicaofta.com\\\/#website\"},\"primaryImageOfPage\":{\"@id\":\"https:\\\/\\\/clinicaofta.com\\\/agenda-en-linea\\\/#primaryimage\"},\"image\":{\"@id\":\"https:\\\/\\\/clinicaofta.com\\\/agenda-en-linea\\\/#primaryimage\"},\"thumbnailUrl\":\"https:\\\/\\\/clinicaofta.com\\\/wp-content\\\/uploads\\\/2018\\\/09\\\/flaticon.png\",\"datePublished\":\"2025-04-07T04:47:40+00:00\",\"dateModified\":\"2025-06-20T17:25:25+00:00\",\"description\":\"Agenda tu cita, completa el formulario y nuestros agentes de servicio te contactar\u00e1n para brindarte un servicio \u00e1gil o oportuno.\",\"breadcrumb\":{\"@id\":\"https:\\\/\\\/clinicaofta.com\\\/agenda-en-linea\\\/#breadcrumb\"},\"inLanguage\":\"en-US\",\"potentialAction\":[{\"@type\":\"ReadAction\",\"target\":[\"https:\\\/\\\/clinicaofta.com\\\/agenda-en-linea\\\/\"]}]},{\"@type\":\"ImageObject\",\"inLanguage\":\"en-US\",\"@id\":\"https:\\\/\\\/clinicaofta.com\\\/agenda-en-linea\\\/#primaryimage\",\"url\":\"https:\\\/\\\/clinicaofta.com\\\/wp-content\\\/uploads\\\/2018\\\/09\\\/flaticon.png\",\"contentUrl\":\"https:\\\/\\\/clinicaofta.com\\\/wp-content\\\/uploads\\\/2018\\\/09\\\/flaticon.png\",\"width\":512,\"height\":512},{\"@type\":\"BreadcrumbList\",\"@id\":\"https:\\\/\\\/clinicaofta.com\\\/agenda-en-linea\\\/#breadcrumb\",\"itemListElement\":[{\"@type\":\"ListItem\",\"position\":1,\"name\":\"Portada\",\"item\":\"https:\\\/\\\/clinicaofta.com\\\/\"},{\"@type\":\"ListItem\",\"position\":2,\"name\":\"Agenda en l\u00ednea\"}]},{\"@type\":\"WebSite\",\"@id\":\"https:\\\/\\\/clinicaofta.com\\\/#website\",\"url\":\"https:\\\/\\\/clinicaofta.com\\\/\",\"name\":\"Cl\u00ednica de Oftalmolog\u00eda de Cali\",\"description\":\"Te ayudamos a ver lo que siempre has querido - Tus ojos en manos expertas\",\"potentialAction\":[{\"@type\":\"SearchAction\",\"target\":{\"@type\":\"EntryPoint\",\"urlTemplate\":\"https:\\\/\\\/clinicaofta.com\\\/?s={search_term_string}\"},\"query-input\":{\"@type\":\"PropertyValueSpecification\",\"valueRequired\":true,\"valueName\":\"search_term_string\"}}],\"inLanguage\":\"en-US\"}]}<\/script>\n<!-- \/ Yoast SEO plugin. -->","yoast_head_json":{"title":"Agenda en l\u00ednea - Cl\u00ednica de Oftalmolog\u00eda de Cali","description":"Agenda tu cita, completa el formulario y nuestros agentes de servicio te contactar\u00e1n para brindarte un servicio \u00e1gil o oportuno.","robots":{"index":"index","follow":"follow","max-snippet":"max-snippet:-1","max-image-preview":"max-image-preview:large","max-video-preview":"max-video-preview:-1"},"canonical":"https:\/\/clinicaofta.com\/en\/agenda-en-linea\/","og_locale":"en_US","og_type":"article","og_title":"Agenda en l\u00ednea - Cl\u00ednica de Oftalmolog\u00eda de Cali","og_description":"Agenda tu cita, completa el formulario y nuestros agentes de servicio te contactar\u00e1n para brindarte un servicio \u00e1gil o oportuno.","og_url":"https:\/\/clinicaofta.com\/en\/agenda-en-linea\/","og_site_name":"Cl\u00ednica de Oftalmolog\u00eda de Cali","article_modified_time":"2025-06-20T17:25:25+00:00","og_image":[{"width":512,"height":512,"url":"http:\/\/clinicaofta.com\/wp-content\/uploads\/2018\/09\/flaticon.png","type":"image\/png"}],"twitter_card":"summary_large_image","twitter_misc":{"Est. reading time":"1 minute"},"schema":{"@context":"https:\/\/schema.org","@graph":[{"@type":"WebPage","@id":"https:\/\/clinicaofta.com\/agenda-en-linea\/","url":"https:\/\/clinicaofta.com\/agenda-en-linea\/","name":"Agenda en l\u00ednea - Cl\u00ednica de Oftalmolog\u00eda de Cali","isPartOf":{"@id":"https:\/\/clinicaofta.com\/#website"},"primaryImageOfPage":{"@id":"https:\/\/clinicaofta.com\/agenda-en-linea\/#primaryimage"},"image":{"@id":"https:\/\/clinicaofta.com\/agenda-en-linea\/#primaryimage"},"thumbnailUrl":"https:\/\/clinicaofta.com\/wp-content\/uploads\/2018\/09\/flaticon.png","datePublished":"2025-04-07T04:47:40+00:00","dateModified":"2025-06-20T17:25:25+00:00","description":"Agenda tu cita, completa el formulario y nuestros agentes de servicio te contactar\u00e1n para brindarte un servicio \u00e1gil o oportuno.","breadcrumb":{"@id":"https:\/\/clinicaofta.com\/agenda-en-linea\/#breadcrumb"},"inLanguage":"en-US","potentialAction":[{"@type":"ReadAction","target":["https:\/\/clinicaofta.com\/agenda-en-linea\/"]}]},{"@type":"ImageObject","inLanguage":"en-US","@id":"https:\/\/clinicaofta.com\/agenda-en-linea\/#primaryimage","url":"https:\/\/clinicaofta.com\/wp-content\/uploads\/2018\/09\/flaticon.png","contentUrl":"https:\/\/clinicaofta.com\/wp-content\/uploads\/2018\/09\/flaticon.png","width":512,"height":512},{"@type":"BreadcrumbList","@id":"https:\/\/clinicaofta.com\/agenda-en-linea\/#breadcrumb","itemListElement":[{"@type":"ListItem","position":1,"name":"Portada","item":"https:\/\/clinicaofta.com\/"},{"@type":"ListItem","position":2,"name":"Agenda en l\u00ednea"}]},{"@type":"WebSite","@id":"https:\/\/clinicaofta.com\/#website","url":"https:\/\/clinicaofta.com\/","name":"Cali Ophthalmology Clinic","description":"Te ayudamos a ver lo que siempre has querido - Tus ojos en manos expertas","potentialAction":[{"@type":"SearchAction","target":{"@type":"EntryPoint","urlTemplate":"https:\/\/clinicaofta.com\/?s={search_term_string}"},"query-input":{"@type":"PropertyValueSpecification","valueRequired":true,"valueName":"search_term_string"}}],"inLanguage":"en-US"}]}},"_links":{"self":[{"href":"https:\/\/clinicaofta.com\/en\/wp-json\/wp\/v2\/pages\/5102","targetHints":{"allow":["GET"]}}],"collection":[{"href":"https:\/\/clinicaofta.com\/en\/wp-json\/wp\/v2\/pages"}],"about":[{"href":"https:\/\/clinicaofta.com\/en\/wp-json\/wp\/v2\/types\/page"}],"author":[{"embeddable":true,"href":"https:\/\/clinicaofta.com\/en\/wp-json\/wp\/v2\/users\/5"}],"replies":[{"embeddable":true,"href":"https:\/\/clinicaofta.com\/en\/wp-json\/wp\/v2\/comments?post=5102"}],"version-history":[{"count":10,"href":"https:\/\/clinicaofta.com\/en\/wp-json\/wp\/v2\/pages\/5102\/revisions"}],"predecessor-version":[{"id":5143,"href":"https:\/\/clinicaofta.com\/en\/wp-json\/wp\/v2\/pages\/5102\/revisions\/5143"}],"wp:featuredmedia":[{"embeddable":true,"href":"https:\/\/clinicaofta.com\/en\/wp-json\/wp\/v2\/media\/1260"}],"wp:attachment":[{"href":"https:\/\/clinicaofta.com\/en\/wp-json\/wp\/v2\/media?parent=5102"}],"curies":[{"name":"wp","href":"https:\/\/api.w.org\/{rel}","templated":true}]}}